{"id":6,"date":"2024-05-05T10:35:29","date_gmt":"2024-05-05T10:35:29","guid":{"rendered":"https:\/\/isidorus.fr\/accueil2\/?page_id=6"},"modified":"2024-12-15T20:29:48","modified_gmt":"2024-12-15T19:29:48","slug":"bienvenue-sur-isidorus-fr-%f0%9f%98%8e","status":"publish","type":"page","link":"https:\/\/isidorus.fr\/accueil\/","title":{"rendered":"Bienvenue sur isidorus.fr \ud83d\ude0e"},"content":{"rendered":"\n<div style=\"height:var(--wp--preset--spacing--50)\" aria-hidden=\"true\" class=\"wp-block-spacer\"><\/div>\n\n\n\n<div class=\"wp-block-group alignwide has-global-padding is-layout-constrained wp-block-group-is-layout-constrained\">\n<p class=\"wp-block-paragraph\">Le cloud de Nathana\u00ebl pour la famille, les amis et les connaissances. <\/p>\n\n\n\n<div class=\"wp-block-columns are-vertically-aligned-center is-layout-flex wp-container-core-columns-is-layout-3a88641f wp-block-columns-is-layout-flex\">\n<div class=\"wp-block-column is-vertically-aligned-center is-layout-flow wp-block-column-is-layout-flow\" style=\"flex-basis:33.33%\">\n<div class=\"wp-block-buttons is-content-justification-center is-layout-flex wp-container-core-buttons-is-layout-81b4e2fb wp-block-buttons-is-layout-flex\">\n<div class=\"wp-block-button\"><a class=\"wp-block-button__link wp-element-button\" href=\"https:\/\/isidorus.fr\/yunohost\/sso\/\" style=\"border-radius:1em\">Se connecter au Cloud<\/a><\/div>\n<\/div>\n<\/div>\n\n\n\n<div class=\"wp-block-column is-vertically-aligned-center is-layout-flow wp-block-column-is-layout-flow\" style=\"flex-basis:66.66%\">\n<div class=\"wp-block-buttons is-layout-flex wp-block-buttons-is-layout-flex\">\n<div class=\"wp-block-button\"><a class=\"wp-block-button__link wp-element-button\" href=\"#contact\" style=\"border-radius:1em\">Moi aussi je veux faire connaissance \ud83e\udd64, dire bonjour \ud83d\udc4b et demander un compte \ud83e\udd73 !<\/a><\/div>\n<\/div>\n<\/div>\n<\/div>\n<\/div>\n\n\n\n<div style=\"height:15px\" aria-hidden=\"true\" class=\"wp-block-spacer\"><\/div>\n\n\n\n<h2 class=\"wp-block-heading\" id=\"Services\">Services que je vous propose<\/h2>\n\n\n\n<div class=\"wp-block-group has-global-padding is-layout-constrained wp-block-group-is-layout-constrained\">\n<div class=\"wp-block-columns is-layout-flex wp-container-core-columns-is-layout-3a88641f wp-block-columns-is-layout-flex\" style=\"border-radius:0px\">\n<div class=\"wp-block-column is-vertically-aligned-center has-base-2-background-color has-background is-layout-flow wp-container-core-column-is-layout-0398da1d wp-block-column-is-layout-flow\" style=\"border-style:none;border-width:0px;border-radius:10px;padding-top:0;padding-right:0;padding-bottom:0;padding-left:0;box-shadow:var(--wp--preset--shadow--natural)\">\n<p class=\"has-text-align-center wp-block-paragraph\" style=\"padding-top:0;padding-right:var(--wp--preset--spacing--10);padding-bottom:0;padding-left:var(--wp--preset--spacing--10)\">\ud83d\uddc3\ufe0f <strong>Nextcloud Files :<\/strong><br>J&rsquo;acc\u00e8de \u00e0 mes <strong>fichiers<\/strong> depuis le site, mon ordi, mon t\u00e9l, et je retrouve facilement la garantie de mon fer \u00e0 repasser en panne, une copie de ma carte de membre du club d&rsquo;aqua-poney, et mes bulletins de salaire.<\/p>\n<\/div>\n\n\n\n<div class=\"wp-block-column has-base-2-background-color has-background is-layout-flow wp-container-core-column-is-layout-0398da1d wp-block-column-is-layout-flow\" style=\"border-style:none;border-width:0px;border-radius:10px;padding-top:0;padding-right:0;padding-bottom:0;padding-left:0;box-shadow:var(--wp--preset--shadow--natural)\">\n<p class=\"has-text-align-center wp-block-paragraph\" style=\"padding-top:0;padding-right:var(--wp--preset--spacing--10);padding-bottom:0;padding-left:var(--wp--preset--spacing--10)\">\ud83d\udcf8 <strong>Nextcloud Photo<\/strong>&nbsp;<strong>:<\/strong> <br>Je retrouve toutes mes <strong>photos<\/strong>, envoy\u00e9es par mon t\u00e9l, et elles sont m\u00eame <strong>class\u00e9es automatiquement<\/strong>. Fini les dossiers \u00ab\u00a0Photos \u00e0 trier\u00a0\u00bb \ud83e\udd23 !<\/p>\n<\/div>\n<\/div>\n\n\n\n<div class=\"wp-block-columns is-layout-flex wp-container-core-columns-is-layout-3a88641f wp-block-columns-is-layout-flex\">\n<div class=\"wp-block-column has-base-2-background-color has-background is-layout-flow wp-container-core-column-is-layout-0398da1d wp-block-column-is-layout-flow\" style=\"border-style:none;border-width:0px;border-radius:10px;padding-top:0;padding-right:0;padding-bottom:0;padding-left:0;box-shadow:var(--wp--preset--shadow--natural)\">\n<p class=\"has-text-align-center wp-block-paragraph\" style=\"padding-top:0;padding-right:var(--wp--preset--spacing--10);padding-bottom:0;padding-left:var(--wp--preset--spacing--10)\">\ud83d\uddd2\ufe0f <strong>Nextcloud Notes<\/strong>&nbsp;<strong>:<\/strong> <br>Pour noter une liste de courses, des id\u00e9es de films \u00e0 voir ou le sc\u00e9nario de mon prochain film.<\/p>\n<\/div>\n\n\n\n<div class=\"wp-block-column has-base-2-background-color has-background is-layout-flow wp-container-core-column-is-layout-0398da1d wp-block-column-is-layout-flow\" style=\"border-style:none;border-width:0px;border-radius:10px;padding-top:0;padding-right:0;padding-bottom:0;padding-left:0;box-shadow:var(--wp--preset--shadow--natural)\">\n<p class=\"has-text-align-center wp-block-paragraph\" style=\"padding-top:0;padding-right:var(--wp--preset--spacing--10);padding-bottom:0;padding-left:var(--wp--preset--spacing--10)\">\ud83d\udc64 <strong>Nextcloud Contacts :<\/strong><br>Mes contacts sont disponibles sur mon ordinateur, mon t\u00e9l et sur le site<\/p>\n<\/div>\n\n\n\n<div class=\"wp-block-column has-base-2-background-color has-background is-layout-flow wp-container-core-column-is-layout-0398da1d wp-block-column-is-layout-flow\" style=\"border-style:none;border-width:0px;border-radius:10px;padding-top:0;padding-right:0;padding-bottom:0;padding-left:0;box-shadow:var(--wp--preset--shadow--natural)\">\n<p class=\"has-text-align-center wp-block-paragraph\" style=\"padding-top:0;padding-right:var(--wp--preset--spacing--10);padding-bottom:0;padding-left:var(--wp--preset--spacing--10)\">\ud83d\udcc5 <strong>Nextcloud Agenda :<\/strong><br>Mon agenda est disponible sur mon ordinateur, mon t\u00e9l et sur le site (je me r\u00e9p\u00e8te non ?\ud83e\udee2)<\/p>\n<\/div>\n<\/div>\n\n\n\n<div class=\"wp-block-columns is-layout-flex wp-container-core-columns-is-layout-3a88641f wp-block-columns-is-layout-flex\">\n<div class=\"wp-block-column has-base-2-background-color has-background is-layout-flow wp-container-core-column-is-layout-0398da1d wp-block-column-is-layout-flow\" style=\"border-style:none;border-width:0px;border-radius:10px;padding-top:0;padding-right:0;padding-bottom:0;padding-left:0;box-shadow:var(--wp--preset--shadow--natural)\">\n<p class=\"has-text-align-center wp-block-paragraph\" style=\"padding-top:0;padding-right:var(--wp--preset--spacing--10);padding-bottom:0;padding-left:var(--wp--preset--spacing--10)\">\ud83d\uddfa\ufe0f <strong>Nextcloud Cartes<\/strong>&nbsp;<strong>:<\/strong><br>Pour voir sur une <strong>carte<\/strong> les <strong>photos<\/strong> par <strong>emplacements<\/strong> et les traces de mes sorties VTT&amp;<strong>rando<\/strong><\/p>\n<\/div>\n\n\n\n<div class=\"wp-block-column has-base-2-background-color has-background is-layout-flow wp-container-core-column-is-layout-0398da1d wp-block-column-is-layout-flow\" style=\"border-style:none;border-width:0px;border-radius:10px;padding-top:0;padding-right:0;padding-bottom:0;padding-left:0;box-shadow:var(--wp--preset--shadow--natural)\">\n<p class=\"has-text-align-center wp-block-paragraph\" style=\"padding-top:0;padding-right:var(--wp--preset--spacing--10);padding-bottom:0;padding-left:var(--wp--preset--spacing--10)\">\u2709\ufe0f Des <strong>e-mails<\/strong>, simples et efficaces. Une bo\u00eete personnelle<\/p>\n<\/div>\n\n\n\n<div class=\"wp-block-column has-base-2-background-color has-background is-layout-flow wp-container-core-column-is-layout-0398da1d wp-block-column-is-layout-flow\" style=\"border-style:none;border-width:0px;border-radius:10px;padding-top:0;padding-right:0;padding-bottom:0;padding-left:0;box-shadow:var(--wp--preset--shadow--natural)\">\n<p class=\"has-text-align-center wp-block-paragraph\" style=\"padding-top:0;padding-right:var(--wp--preset--spacing--10);padding-bottom:0;padding-left:var(--wp--preset--spacing--10)\">\ud83d\udd10 <strong>Bitwarden, gestionnaire de mots de passe :<\/strong> <br>S\u00fbr et disponible sur tous les ordinateurs et smartphones<\/p>\n<\/div>\n<\/div>\n\n\n\n<div class=\"wp-block-columns is-layout-flex wp-container-core-columns-is-layout-3a88641f wp-block-columns-is-layout-flex\">\n<div class=\"wp-block-column has-base-2-background-color has-background is-layout-flow wp-container-core-column-is-layout-0398da1d wp-block-column-is-layout-flow\" style=\"border-style:none;border-width:0px;border-radius:10px;padding-top:0;padding-right:0;padding-bottom:0;padding-left:0;box-shadow:var(--wp--preset--shadow--natural)\">\n<p class=\"has-text-align-center wp-block-paragraph\" style=\"padding-top:0;padding-right:var(--wp--preset--spacing--10);padding-bottom:0;padding-left:var(--wp--preset--spacing--10)\">\ud83d\udcca<strong>NoCoDB<\/strong>&nbsp;<strong>:<\/strong> pour construire des bases de donn\u00e9es sans coder et plus puissantes qu&rsquo;Excel<\/p>\n<\/div>\n\n\n\n<div class=\"wp-block-column has-base-2-background-color has-background is-layout-flow wp-container-core-column-is-layout-0398da1d wp-block-column-is-layout-flow\" style=\"border-style:none;border-width:0px;border-radius:10px;padding-top:0;padding-right:0;padding-bottom:0;padding-left:0;box-shadow:var(--wp--preset--shadow--natural)\">\n<p class=\"has-text-align-center wp-block-paragraph\" style=\"padding-top:0;padding-right:var(--wp--preset--spacing--10);padding-bottom:0;padding-left:var(--wp--preset--spacing--10)\">\ud83d\udde8\ufe0f <strong>Element-Matrix : <\/strong><br>Une messagerie instantan\u00e9e s\u00fbre et regroupant Whatsapp, Signal, Telegram et d&rsquo;autres encore<\/p>\n<\/div>\n\n\n\n<div class=\"wp-block-column has-base-2-background-color has-background is-layout-flow wp-container-core-column-is-layout-0398da1d wp-block-column-is-layout-flow\" style=\"border-style:none;border-width:0px;border-radius:10px;padding-top:0;padding-right:0;padding-bottom:0;padding-left:0;box-shadow:var(--wp--preset--shadow--natural)\">\n<p class=\"has-text-align-center wp-block-paragraph\" style=\"padding-top:0;padding-right:var(--wp--preset--spacing--10);padding-bottom:0;padding-left:var(--wp--preset--spacing--10)\">\ud83c\udfa9<strong>Transfert de fichiers : <\/strong>Pratique pour partager un gros dossier, comme WeTransfer mais \u00ab\u00a0chez nous\u00a0\u00bb<br><\/p>\n<\/div>\n<\/div>\n\n\n\n<div class=\"wp-block-columns is-layout-flex wp-container-core-columns-is-layout-3a88641f wp-block-columns-is-layout-flex\">\n<div class=\"wp-block-column has-base-2-background-color has-background is-layout-flow wp-container-core-column-is-layout-0398da1d wp-block-column-is-layout-flow\" style=\"border-style:none;border-width:0px;border-radius:10px;padding-top:0;padding-right:0;padding-bottom:0;padding-left:0;box-shadow:var(--wp--preset--shadow--natural)\">\n<p class=\"has-text-align-center wp-block-paragraph\" style=\"padding-top:0;padding-right:var(--wp--preset--spacing--10);padding-bottom:0;padding-left:var(--wp--preset--spacing--10)\"><strong>\ud83c\udfc1 Libre QR Code :<\/strong><br>Un ami qui voulait transformer un lien en QR Code, alors voil\u00e0 un appli en ligne pour \u00e7a.<\/p>\n<\/div>\n\n\n\n<div class=\"wp-block-column has-base-2-background-color has-background is-layout-flow wp-container-core-column-is-layout-0398da1d wp-block-column-is-layout-flow\" style=\"border-style:none;border-width:0px;border-radius:10px;padding-top:0;padding-right:0;padding-bottom:0;padding-left:0;box-shadow:var(--wp--preset--shadow--natural)\">\n<p class=\"has-text-align-center wp-block-paragraph\" style=\"padding-top:0;padding-right:var(--wp--preset--spacing--10);padding-bottom:0;padding-left:var(--wp--preset--spacing--10)\"><strong>\ud83e\uddf5 Votre site ou blog :<\/strong><br>Je peux h\u00e9berger votre site professionnel ou votre blog sur ce serveur. Voyez par exemple : <a href=\"https:\/\/maison.busson.eu\" data-type=\"link\" data-id=\"https:\/\/maison.busson.eu\" target=\"_blank\" rel=\"noreferrer noopener\">maison.busson.eu<\/a><br><\/p>\n<\/div>\n<\/div>\n\n\n\n<div class=\"wp-block-columns is-layout-flex wp-container-core-columns-is-layout-3a88641f wp-block-columns-is-layout-flex\">\n<div class=\"wp-block-column has-base-2-background-color has-background is-layout-flow wp-container-core-column-is-layout-0398da1d wp-block-column-is-layout-flow\" style=\"border-style:none;border-width:0px;border-radius:10px;padding-top:0;padding-right:0;padding-bottom:0;padding-left:0;box-shadow:var(--wp--preset--shadow--natural)\">\n<p class=\"has-text-align-center wp-block-paragraph\" style=\"padding-top:0;padding-right:var(--wp--preset--spacing--10);padding-bottom:0;padding-left:var(--wp--preset--spacing--10)\"><strong>\ud83d\udc16 Avec ceci ?<\/strong><br>Dites-moi si une app de cette liste vous serait utile, et je l&rsquo;installerai<strong> <\/strong>: <a href=\"https:\/\/apps.yunohost.org\/catalog\">https:\/\/apps.yunohost.org\/catalog<\/a><\/p>\n<\/div>\n<\/div>\n<\/div>\n\n\n\n<h2 class=\"wp-block-heading\">Un serveur pour la famille et les amis<\/h2>\n\n\n\n<p class=\"wp-block-paragraph\">Parce qu&rsquo;on n&rsquo;est jamais mieux servi que par soi-m\u00eame : ma petite contribution pour prot\u00e9ger nos vies num\u00e9riques<\/p>\n\n\n\n<p class=\"wp-block-paragraph\">Dans ce petit coin d\u2019Internet, je bricole pour vous proposer, \u00e0 vous mes amis, ma famille, et connaissances, des petits outils pratiques pour reprendre le contr\u00f4le sur vos donn\u00e9es num\u00e9riques. Bonne navigation, n\u2019h\u00e9sitez pas \u00e0 vous servir de tout \u00e7a et \u00e0 venir m\u2019en parler \u00e0 tout propos<\/p>\n\n\n\n<p class=\"wp-block-paragraph\">Pour en savoir plus sur la philosophie ou la technique, je vous propose ces quelques pages :<\/p>\n\n\n\n<ul class=\"wp-block-list\">\n<li><a href=\"https:\/\/isidorus.fr\/accueil\/description\/#quoi\" data-type=\"link\" data-id=\"https:\/\/isidorus.fr\/accueil\/description\/#quoi\">Quoi ?<\/a><\/li>\n\n\n\n<li><a href=\"https:\/\/isidorus.fr\/accueil\/description\/#pourquoi\" data-type=\"link\" data-id=\"https:\/\/isidorus.fr\/accueil\/description\/#pourquoi\">Pourquoi ?<\/a><\/li>\n\n\n\n<li><a href=\"https:\/\/isidorus.fr\/accueil\/description\/#comment\" data-type=\"link\" data-id=\"https:\/\/isidorus.fr\/accueil\/description\/#comment\">Comment ?<\/a><\/li>\n<\/ul>\n\n\n\n<p class=\"wp-block-paragraph\"><\/p>\n","protected":false},"excerpt":{"rendered":"<p>Le cloud de Nathana\u00ebl pour la famille, les amis et les connaissances. Services que je vous propose \ud83d\uddc3\ufe0f Nextcloud Files :J&rsquo;acc\u00e8de \u00e0 mes fichiers depuis le site, mon ordi, mon t\u00e9l, et je retrouve facilement la garantie de mon fer \u00e0 repasser en panne, une copie de ma carte de membre du club d&rsquo;aqua-poney, et [&hellip;]<\/p>\n","protected":false},"author":1,"featured_media":0,"parent":0,"menu_order":0,"comment_status":"closed","ping_status":"closed","template":"","meta":{"_crdt_document":"","footnotes":""},"class_list":["post-6","page","type-page","status-publish","hentry"],"_links":{"self":[{"href":"https:\/\/isidorus.fr\/accueil\/wp-json\/wp\/v2\/pages\/6","targetHints":{"allow":["GET"]}}],"collection":[{"href":"https:\/\/isidorus.fr\/accueil\/wp-json\/wp\/v2\/pages"}],"about":[{"href":"https:\/\/isidorus.fr\/accueil\/wp-json\/wp\/v2\/types\/page"}],"author":[{"embeddable":true,"href":"https:\/\/isidorus.fr\/accueil\/wp-json\/wp\/v2\/users\/1"}],"replies":[{"embeddable":true,"href":"https:\/\/isidorus.fr\/accueil\/wp-json\/wp\/v2\/comments?post=6"}],"version-history":[{"count":33,"href":"https:\/\/isidorus.fr\/accueil\/wp-json\/wp\/v2\/pages\/6\/revisions"}],"predecessor-version":[{"id":104,"href":"https:\/\/isidorus.fr\/accueil\/wp-json\/wp\/v2\/pages\/6\/revisions\/104"}],"wp:attachment":[{"href":"https:\/\/isidorus.fr\/accueil\/wp-json\/wp\/v2\/media?parent=6"}],"curies":[{"name":"wp","href":"https:\/\/api.w.org\/{rel}","templated":true}]}}